{"id":15,"date":"2020-11-23T06:09:40","date_gmt":"2020-11-23T05:09:40","guid":{"rendered":"http:\/\/xn--landskvarn-dcb.se\/?page_id=15"},"modified":"2020-12-22T15:39:22","modified_gmt":"2020-12-22T14:39:22","slug":"om","status":"publish","type":"page","link":"https:\/\/xn--landskvarn-dcb.se\/index.php\/om\/","title":{"rendered":"Om"},"content":{"rendered":"\n<div class=\"wp-block-group\"><div class=\"wp-block-group__inner-container\">\n<div class=\"wp-block-group\"><div class=\"wp-block-group__inner-container\">\n<p>V\u00e5ra stubbkvarnar p\u00e5 \u00d6land \u00e4r enligt m\u00e5nga ett signum f\u00f6r v\u00e5rat landskap. Man kan se det p\u00e5 alla avbildningar av dom som finns i form av b\u00e5de m\u00e5lningar och fotografier.<\/p>\n\n\n\n<p>Det finns mer \u00e4n 300 kvarnar kvar p\u00e5 \u00d6land varav ca: 60 % \u00e4gs av privatpersoner.<\/p>\n\n\n\n<p>Denna hemsida vill visa kvarnar som delvis \u00e4r i bra skick och delvis beh\u00f6ver lite omv\u00e5rdnad.<\/p>\n\n\n\n<p><\/p>\n<\/div><\/div>\n\n\n\n<p><\/p>\n<\/div><\/div>\n\n\n\n<p><\/p>\n","protected":false},"excerpt":{"rendered":"","protected":false},"author":1,"featured_media":0,"parent":0,"menu_order":0,"comment_status":"closed","ping_status":"closed","template":"","meta":[],"_links":{"self":[{"href":"https:\/\/xn--landskvarn-dcb.se\/index.php\/wp-json\/wp\/v2\/pages\/15"}],"collection":[{"href":"https:\/\/xn--landskvarn-dcb.se\/index.php\/wp-json\/wp\/v2\/pages"}],"about":[{"href":"https:\/\/xn--landskvarn-dcb.se\/index.php\/wp-json\/wp\/v2\/types\/page"}],"author":[{"embeddable":true,"href":"https:\/\/xn--landskvarn-dcb.se\/index.php\/wp-json\/wp\/v2\/users\/1"}],"replies":[{"embeddable":true,"href":"https:\/\/xn--landskvarn-dcb.se\/index.php\/wp-json\/wp\/v2\/comments?post=15"}],"version-history":[{"count":17,"href":"https:\/\/xn--landskvarn-dcb.se\/index.php\/wp-json\/wp\/v2\/pages\/15\/revisions"}],"predecessor-version":[{"id":289,"href":"https:\/\/xn--landskvarn-dcb.se\/index.php\/wp-json\/wp\/v2\/pages\/15\/revisions\/289"}],"wp:attachment":[{"href":"https:\/\/xn--landskvarn-dcb.se\/index.php\/wp-json\/wp\/v2\/media?parent=15"}],"curies":[{"name":"wp","href":"https:\/\/api.w.org\/{rel}","templated":true}]}}